{"id":3022,"date":"2020-10-14T15:12:04","date_gmt":"2020-10-14T15:12:04","guid":{"rendered":"http:\/\/ogmprinting.com\/printing\/uv-led-printing\/"},"modified":"2021-02-24T17:08:50","modified_gmt":"2021-02-24T17:08:50","slug":"uv-led","status":"publish","type":"page","link":"https:\/\/ogmprinting.com\/it\/stampa\/uv-led\/","title":{"rendered":"Stampa UV LED"},"content":{"rendered":"<div id='av_section_1'  class='avia-section main_color avia-section-default avia-no-border-styling  avia-bg-style-scroll  avia-builder-el-0  el_before_av_section  avia-builder-el-first  header-pag-sez01  container_wrap fullsize' style=' '  ><div class='container' ><main  role=\"main\" itemprop=\"mainContentOfPage\"  class='template-page content  av-content-full alpha units'><div class='post-entry post-entry-type-page post-entry-3022'><div class='entry-content-wrapper clearfix'>\n<div class='flex_column_table av-equal-height-column-flextable av-break-at-tablet-flextable' ><div class=\"flex_column av_two_fifth  av-break-at-tablet flex_column_table_cell av-equal-height-column av-align-middle av-zero-column-padding first  avia-builder-el-1  el_before_av_three_fifth  avia-builder-el-first  \" style='border-radius:0px; '><p><section class=\"av_textblock_section \"  itemscope=\"itemscope\" itemtype=\"https:\/\/schema.org\/CreativeWork\" ><div class='avia_textblock custom-bread '   itemprop=\"text\" ><div class=\"breadcrumb breadcrumbs avia-breadcrumbs\"><div class=\"breadcrumb-trail\" ><span class=\"trail-before\"><span class=\"breadcrumb-title\">Sei in:<\/span><\/span> <span  itemscope=\"itemscope\" itemtype=\"https:\/\/schema.org\/BreadcrumbList\" ><span  itemscope=\"itemscope\" itemtype=\"https:\/\/schema.org\/ListItem\" itemprop=\"itemListElement\" ><a itemprop=\"url\" href=\"https:\/\/ogmprinting.com\/it\/\" title=\"OGM - Printing Excellence\" rel=\"home\" class=\"trail-begin\"><span itemprop=\"name\">Home<\/span><\/a><span itemprop=\"position\" class=\"hidden\">1<\/span><\/span><\/span><\/div><\/div>\n<\/div><\/section><br \/>\n<section class=\"av_textblock_section \"  itemscope=\"itemscope\" itemtype=\"https:\/\/schema.org\/CreativeWork\" ><div class='avia_textblock  '   itemprop=\"text\" ><h1>Stampa UV LED<\/h1>\n<div id=\"gtx-trans\" style=\"position: absolute; left: -12px; top: 3.975px;\">\n<div class=\"gtx-trans-icon\"><\/div>\n<\/div>\n<\/div><\/section><\/p><\/div><div class=\"flex_column av_three_fifth  avia-full-stretch flex_column_div av-zero-column-padding first  avia-builder-el-4  el_after_av_two_fifth  avia-builder-el-last  col-testo-header-pag \" style='background:url(https:\/\/ogmprinting.com\/wp-content\/uploads\/2020\/11\/uv-led-printing-bk.jpg) center center no-repeat ; border-radius:0px; '><section class=\"av_textblock_section \"  itemscope=\"itemscope\" itemtype=\"https:\/\/schema.org\/CreativeWork\" ><div class='avia_textblock  av_inherit_color '  style='color:#ffffff; '  itemprop=\"text\" ><p>Investiamo continuamente e in modo significativo nella tecnologia per soddisfare al meglio le aspettative dei nostri clienti. La stampa offset UV-LED consente all&#8217;inchiostro di asciugarsi istantaneamente in presenza di radiazioni UV. Questo tipo di stampa crea immagini con colori vividi e dettagliati.<\/p>\n<\/div><\/section><\/div>\n\n<\/div><\/div><\/main><!-- close content main element --><\/div><\/div><div id='av_section_2'  class='avia-section main_color avia-section-default avia-no-border-styling  avia-bg-style-scroll  avia-builder-el-6  el_after_av_section  el_before_av_section   container_wrap fullsize' style=' '  ><div class='container' ><div class='template-page content  av-content-full alpha units'><div class='post-entry post-entry-type-page post-entry-3022'><div class='entry-content-wrapper clearfix'>\n<div class='flex_column_table av-equal-height-column-flextable av-break-at-tablet-flextable' ><div class=\"flex_column av_three_fifth  av-break-at-tablet flex_column_table_cell av-equal-height-column av-align-middle av-zero-column-padding first  avia-builder-el-7  el_before_av_two_fifth  avia-builder-el-first  \" style='border-radius:0px; '><div  class='avia-image-container  av-styling-    avia-builder-el-8  avia-builder-el-no-sibling  avia-align-center '  itemprop=\"image\" itemscope=\"itemscope\" itemtype=\"https:\/\/schema.org\/ImageObject\"  ><div class='avia-image-container-inner'><div class='avia-image-overlay-wrap'><img decoding=\"async\" class='wp-image-4916 avia-img-lazy-loading-not-4916 avia_image' src=\"https:\/\/ogmprinting.com\/wp-content\/uploads\/2021\/02\/Ink-LedUV.jpg\" alt='' title='Ink-LedUV' height=\"330\" width=\"768\"  itemprop=\"thumbnailUrl\" srcset=\"https:\/\/ogmprinting.com\/wp-content\/uploads\/2021\/02\/Ink-LedUV.jpg 768w, https:\/\/ogmprinting.com\/wp-content\/uploads\/2021\/02\/Ink-LedUV-300x129.jpg 300w, https:\/\/ogmprinting.com\/wp-content\/uploads\/2021\/02\/Ink-LedUV-705x303.jpg 705w\" sizes=\"(max-width: 768px) 100vw, 768px\" \/><\/div><\/div><\/div><\/div><div class='av-flex-placeholder'><\/div><div class=\"flex_column av_two_fifth  av-break-at-tablet flex_column_table_cell av-equal-height-column av-align-middle av-zero-column-padding   avia-builder-el-9  el_after_av_three_fifth  el_before_av_one_full  \" style='border-radius:0px; '><section class=\"av_textblock_section \"  itemscope=\"itemscope\" itemtype=\"https:\/\/schema.org\/CreativeWork\" ><div class='avia_textblock  '   itemprop=\"text\" ><p>I nostri <strong> servizi esclusivi di stampa UV LED <\/strong> vengono utilizzati per la realizzazione di prodotti di lusso per clienti esigenti provenienti da tutti i settori di attivit\u00e0, quali <strong> design, architettura, moda, ceramica, arte, fotografia<\/strong>, ecc. La qualit\u00e0 \u00e8 il motivo per cui aziende come Taschen, Kering e Dolce &amp; Gabbana scelgono di lavorare con OGM. La stampa offset \u00e8 una tecnica che riproduce fedelmente i colori e d\u00e0 l&#8217;aspetto che desideri al tuo prodotto. Se vuoi un progetto di qualit\u00e0, scegli i nostri servizi di <strong>stampa offset UV LED.<\/strong><\/p>\n<\/div><\/section><\/div><\/div><!--close column table wrapper. Autoclose: 1 --><div class=\"flex_column av_one_full  flex_column_div av-zero-column-padding first  avia-builder-el-11  el_after_av_two_fifth  avia-builder-el-last  \" style='border-radius:0px; '><p><div  style='height:50px' class='hr hr-invisible  av-medium-hide av-small-hide av-mini-hide  avia-builder-el-12  el_before_av_textblock  avia-builder-el-first  no-mobile'><span class='hr-inner ' ><span class='hr-inner-style'><\/span><\/span><\/div><br \/>\n<section class=\"av_textblock_section \"  itemscope=\"itemscope\" itemtype=\"https:\/\/schema.org\/CreativeWork\" ><div class='avia_textblock  '   itemprop=\"text\" ><\/div><\/section><\/p><\/div><\/div><\/div><\/div><!-- close content main div --><\/div><\/div><div id='av_section_3'  class='avia-section alternate_color avia-section-large avia-no-border-styling  avia-bg-style-scroll  avia-builder-el-14  el_after_av_section  el_before_av_section   container_wrap fullsize' style=' '  ><div class='container' ><div class='template-page content  av-content-full alpha units'><div class='post-entry post-entry-type-page post-entry-3022'><div class='entry-content-wrapper clearfix'>\n<div class=\"flex_column av_one_full  flex_column_div av-zero-column-padding first  avia-builder-el-15  el_before_av_one_fourth  avia-builder-el-first  \" style='border-radius:0px; '><section class=\"av_textblock_section \"  itemscope=\"itemscope\" itemtype=\"https:\/\/schema.org\/CreativeWork\" ><div class='avia_textblock  av_inherit_color '   itemprop=\"text\" ><h2>I motivi per scegliere la stampa UV LED<\/h2>\n<\/div><\/section><\/div><div class=\"flex_column av_one_fourth  flex_column_div av-zero-column-padding first  avia-builder-el-17  el_after_av_one_full  el_before_av_one_fourth  column-top-margin\" style='border-radius:0px; '><p><span  class=\"av_font_icon avia_animate_when_visible avia-icon-animate  av-icon-style-  avia-icon-pos-center \" style=\"color:#ffffff; border-color:#ffffff;\"><span class='av-icon-char' style='font-size:50px;line-height:50px;' aria-hidden='true' data-av_icon='\ue891' data-av_iconfont='entypo-fontello' ><\/span><\/span><br \/>\n<div  style='height:10px' class='hr hr-invisible   avia-builder-el-19  el_after_av_font_icon  el_before_av_textblock '><span class='hr-inner ' ><span class='hr-inner-style'><\/span><\/span><\/div><br \/>\n<section class=\"av_textblock_section \"  itemscope=\"itemscope\" itemtype=\"https:\/\/schema.org\/CreativeWork\" ><div class='avia_textblock  av_inherit_color '   itemprop=\"text\" ><p><strong>\u00c8 versatile:<\/strong> puoi utilizzare i LED UV su un&#8217;ampia variet\u00e0 di supporti e formati. Le possibili applicazioni grazie alla tecnologia UV LED sono innumerevoli<\/p>\n<\/div><\/section><\/p><\/div><div class=\"flex_column av_one_fourth  flex_column_div av-zero-column-padding   avia-builder-el-21  el_after_av_one_fourth  el_before_av_one_fourth  column-top-margin\" style='border-radius:0px; '><p><span  class=\"av_font_icon avia_animate_when_visible avia-icon-animate  av-icon-style-  avia-icon-pos-center \" style=\"color:#ffffff; border-color:#ffffff;\"><span class='av-icon-char' style='font-size:50px;line-height:50px;' aria-hidden='true' data-av_icon='\ue8b4' data-av_iconfont='entypo-fontello' ><\/span><\/span><br \/>\n<div  style='height:10px' class='hr hr-invisible   avia-builder-el-23  el_after_av_font_icon  el_before_av_textblock '><span class='hr-inner ' ><span class='hr-inner-style'><\/span><\/span><\/div><br \/>\n<section class=\"av_textblock_section \"  itemscope=\"itemscope\" itemtype=\"https:\/\/schema.org\/CreativeWork\" ><div class='avia_textblock  av_inherit_color '   itemprop=\"text\" ><p><strong>Produttivit\u00e0 ottimale con luci a LED<\/strong>: le luci a LED si attivano e funzionano pi\u00f9 velocemente perch\u00e9 possono essere accese e spente istantaneamente senza perdere energia. Inoltre l&#8217;essiccazione degli inchiostri UV \u00e8 molto pi\u00f9 rapida di quella degli inchiostri a solvente<\/p>\n<\/div><\/section><\/p><\/div><div class=\"flex_column av_one_fourth  flex_column_div av-zero-column-padding   avia-builder-el-25  el_after_av_one_fourth  el_before_av_one_fourth  column-top-margin\" style='border-radius:0px; '><p><span  class=\"av_font_icon avia_animate_when_visible avia-icon-animate  av-icon-style-  avia-icon-pos-center \" style=\"color:#ffffff; border-color:#ffffff;\"><span class='av-icon-char' style='font-size:50px;line-height:50px;' aria-hidden='true' data-av_icon='\ue8a9' data-av_iconfont='entypo-fontello' ><\/span><\/span><br \/>\n<div  style='height:10px' class='hr hr-invisible   avia-builder-el-27  el_after_av_font_icon  el_before_av_textblock '><span class='hr-inner ' ><span class='hr-inner-style'><\/span><\/span><\/div><br \/>\n<section class=\"av_textblock_section \"  itemscope=\"itemscope\" itemtype=\"https:\/\/schema.org\/CreativeWork\" ><div class='avia_textblock  av_inherit_color '   itemprop=\"text\" ><p><strong>Durata<\/strong>: gli inchiostri UV sono resistenti agli attacchi fisici e chimici.<\/p>\n<\/div><\/section><\/p><\/div><div class=\"flex_column av_one_fourth  flex_column_div av-zero-column-padding   avia-builder-el-29  el_after_av_one_fourth  avia-builder-el-last  column-top-margin\" style='border-radius:0px; '><p><span  class=\"av_font_icon avia_animate_when_visible avia-icon-animate  av-icon-style-  avia-icon-pos-center \" style=\"color:#ffffff; border-color:#ffffff;\"><span class='av-icon-char' style='font-size:50px;line-height:50px;' aria-hidden='true' data-av_icon='\ue8b8' data-av_iconfont='entypo-fontello' ><\/span><\/span><br \/>\n<div  style='height:10px' class='hr hr-invisible   avia-builder-el-31  el_after_av_font_icon  el_before_av_textblock '><span class='hr-inner ' ><span class='hr-inner-style'><\/span><\/span><\/div><br \/>\n<section class=\"av_textblock_section \"  itemscope=\"itemscope\" itemtype=\"https:\/\/schema.org\/CreativeWork\" ><div class='avia_textblock  av_inherit_color '   itemprop=\"text\" ><p><strong>\u00c8 ecologica<\/strong>: le lampade UV LED non contengono mercurio, i costi di riciclaggio e l&#8217;impatto ambientale sono ridotti. Inoltre i LED non producono gas ozono, non necessitano di un sistema di aspirazione e ventilazione.<\/p>\n<\/div><\/section><\/p><\/div>\n<\/p>\n<\/div><\/div><\/div><!-- close content main div --><\/div><\/div><div id='av_section_4'  class='avia-section main_color avia-section-default avia-no-border-styling  avia-bg-style-scroll  avia-builder-el-33  el_after_av_section  el_before_av_section   container_wrap fullsize' style=' '  ><div class='container' ><div class='template-page content  av-content-full alpha units'><div class='post-entry post-entry-type-page post-entry-3022'><div class='entry-content-wrapper clearfix'>\n<div class='flex_column_table av-equal-height-column-flextable av-break-at-tablet-flextable' ><div class=\"flex_column av_one_full  av-break-at-tablet flex_column_table_cell av-equal-height-column av-align-middle av-zero-column-padding first  avia-builder-el-34  el_before_av_one_full  avia-builder-el-first  \" style='border-radius:0px; '><section class=\"av_textblock_section \"  itemscope=\"itemscope\" itemtype=\"https:\/\/schema.org\/CreativeWork\" ><div class='avia_textblock  '   itemprop=\"text\" ><h2><span class=\"tit-noseo-h2 \">Progetti correlati<\/span><\/h2>\n<\/div><\/section><\/div><\/div><!--close column table wrapper. Autoclose: 1 --><div class='flex_column_table av-equal-height-column-flextable av-break-at-tablet-flextable' ><div class=\"flex_column av_one_full  av-break-at-tablet flex_column_table_cell av-equal-height-column av-align-middle av-zero-column-padding first  avia-builder-el-36  el_after_av_one_full  avia-builder-el-last  column-top-margin\" style='border-radius:0px; '><div id='av-masonry-1' class='av-masonry  noHover av-fixed-size av-large-gap av-hover-overlay- av-masonry-animation-active av-masonry-col-3 av-caption-on-hover av-caption-style-overlay  av-orientation-landscape-large   av-medium-columns-overwrite av-medium-columns-1 av-small-columns-overwrite av-small-columns-2 av-mini-columns-overwrite av-mini-columns-1'  ><div class='av-masonry-container isotope av-js-disabled ' ><div class='av-masonry-entry isotope-item av-masonry-item-no-image '><\/div><a href=\"https:\/\/ogmprinting.com\/it\/portfolio-ogm\/wander-inkiostro-bianco\/\"  id='av-masonry-1-item-5339' data-av-masonry-item='5339' class='av-masonry-entry isotope-item post-5339 portfolio type-portfolio status-publish has-post-thumbnail hentry tag-catalogs-it tag-led-uv-it tag-metallic-saddle-stitch-bind-it portfolio_entries-art-it  av-masonry-item-with-image' title=\"Wander-02\"  itemscope=\"itemscope\" itemtype=\"https:\/\/schema.org\/CreativeWork\" ><div class='av-inner-masonry-sizer'><\/div><figure class='av-inner-masonry main_color'><div class=\"av-masonry-outerimage-container\"><div class=\"av-masonry-image-container\" style=\"background-image: url(https:\/\/ogmprinting.com\/wp-content\/uploads\/2021\/03\/Wander-02-705x470.jpg);\" title=\"Wander-02\"  alt=\"Wander\" ><\/div><\/div><figcaption class='av-inner-masonry-content site-background'><div class='av-inner-masonry-content-pos'><div class='av-inner-masonry-content-pos-content'><div class='avia-arrow'><\/div><h3 class='av-masonry-entry-title entry-title '  itemprop=\"headline\" >Wander &#8211; Inkiostro bianco<\/h3><\/div><\/div><\/figcaption><\/figure><\/a><!--end av-masonry entry--><a href=\"https:\/\/ogmprinting.com\/it\/portfolio-ogm\/versace-home\/\"  id='av-masonry-1-item-7596' data-av-masonry-item='7596' class='av-masonry-entry isotope-item post-7596 portfolio type-portfolio status-publish has-post-thumbnail hentry tag-catalogs-it tag-hardcover-bind-it tag-led-uv-it tag-foil-stamping-it portfolio_entries-interior-design-it  av-masonry-item-with-image' title=\"VersaceHome-01\"  itemscope=\"itemscope\" itemtype=\"https:\/\/schema.org\/CreativeWork\" ><div class='av-inner-masonry-sizer'><\/div><figure class='av-inner-masonry main_color'><div class=\"av-masonry-outerimage-container\"><div class=\"av-masonry-image-container\" style=\"background-image: url(https:\/\/ogmprinting.com\/wp-content\/uploads\/2023\/02\/VersaceHome-01-705x470.jpg);\" title=\"VersaceHome-01\" ><\/div><\/div><figcaption class='av-inner-masonry-content site-background'><div class='av-inner-masonry-content-pos'><div class='av-inner-masonry-content-pos-content'><div class='avia-arrow'><\/div><h3 class='av-masonry-entry-title entry-title '  itemprop=\"headline\" >Versace Home<\/h3><\/div><\/div><\/figcaption><\/figure><\/a><!--end av-masonry entry--><a href=\"https:\/\/ogmprinting.com\/it\/portfolio-ogm\/sahel\/\"  id='av-masonry-1-item-4842' data-av-masonry-item='4842' class='av-masonry-entry isotope-item post-4842 portfolio type-portfolio status-publish has-post-thumbnail hentry tag-hardcover-bind-it tag-led-uv-it tag-books-it tag-lamination-it tag-foil-stamping-it portfolio_entries-art-it portfolio_entries-museums-2  av-masonry-item-with-image' title=\"Sahel-1\"  itemscope=\"itemscope\" itemtype=\"https:\/\/schema.org\/CreativeWork\" ><div class='av-inner-masonry-sizer'><\/div><figure class='av-inner-masonry main_color'><div class=\"av-masonry-outerimage-container\"><div class=\"av-masonry-image-container\" style=\"background-image: url(https:\/\/ogmprinting.com\/wp-content\/uploads\/2020\/12\/Sahel-1-705x470.jpg);\" title=\"Sahel-1\"  alt=\"Sahel\" ><\/div><\/div><figcaption class='av-inner-masonry-content site-background'><div class='av-inner-masonry-content-pos'><div class='av-inner-masonry-content-pos-content'><div class='avia-arrow'><\/div><h3 class='av-masonry-entry-title entry-title '  itemprop=\"headline\" >Sahel<\/h3><\/div><\/div><\/figcaption><\/figure><\/a><!--end av-masonry entry--><a href=\"https:\/\/ogmprinting.com\/it\/portfolio-ogm\/porsche\/\"  id='av-masonry-1-item-8407' data-av-masonry-item='8407' class='av-masonry-entry isotope-item post-8407 portfolio type-portfolio status-publish has-post-thumbnail hentry tag-hardcover-bind-it tag-led-uv-it tag-books-it tag-foil-stamping-it tag-blocking-it portfolio_entries-novita portfolio_entries-photography-it  av-masonry-item-with-image' title=\"Porsche-01\"  itemscope=\"itemscope\" itemtype=\"https:\/\/schema.org\/CreativeWork\" ><div class='av-inner-masonry-sizer'><\/div><figure class='av-inner-masonry main_color'><div class=\"av-masonry-outerimage-container\"><div class=\"av-masonry-image-container\" style=\"background-image: url(https:\/\/ogmprinting.com\/wp-content\/uploads\/2023\/12\/Porsche-01-705x470.jpg);\" title=\"Porsche-01\" ><\/div><\/div><figcaption class='av-inner-masonry-content site-background'><div class='av-inner-masonry-content-pos'><div class='av-inner-masonry-content-pos-content'><div class='avia-arrow'><\/div><h3 class='av-masonry-entry-title entry-title '  itemprop=\"headline\" >Porsche<\/h3><\/div><\/div><\/figcaption><\/figure><\/a><!--end av-masonry entry--><a href=\"https:\/\/ogmprinting.com\/it\/portfolio-ogm\/polaroid\/\"  id='av-masonry-1-item-2959' data-av-masonry-item='2959' class='av-masonry-entry isotope-item post-2959 portfolio type-portfolio status-publish has-post-thumbnail hentry tag-display-it tag-led-uv-it portfolio_entries-eyewear-it  av-masonry-item-with-image' title=\"Polaroid-Display-02\"  itemscope=\"itemscope\" itemtype=\"https:\/\/schema.org\/CreativeWork\" ><div class='av-inner-masonry-sizer'><\/div><figure class='av-inner-masonry main_color'><div class=\"av-masonry-outerimage-container\"><div class=\"av-masonry-image-container\" style=\"background-image: url(https:\/\/ogmprinting.com\/wp-content\/uploads\/2020\/12\/Polaroid-Display-02-705x470.jpg);\" title=\"Polaroid-Display-02\" ><\/div><\/div><figcaption class='av-inner-masonry-content site-background'><div class='av-inner-masonry-content-pos'><div class='av-inner-masonry-content-pos-content'><div class='avia-arrow'><\/div><h3 class='av-masonry-entry-title entry-title '  itemprop=\"headline\" >Polaroid<\/h3><\/div><\/div><\/figcaption><\/figure><\/a><!--end av-masonry entry--><a href=\"https:\/\/ogmprinting.com\/it\/portfolio-ogm\/missoni\/\"  id='av-masonry-1-item-3135' data-av-masonry-item='3135' class='av-masonry-entry isotope-item post-3135 portfolio type-portfolio status-publish has-post-thumbnail hentry tag-display-it tag-led-uv-it tag-spiral-bind-it portfolio_entries-eyewear-it  av-masonry-item-with-image' title=\"Missoni-Libretto-01\"  itemscope=\"itemscope\" itemtype=\"https:\/\/schema.org\/CreativeWork\" ><div class='av-inner-masonry-sizer'><\/div><figure class='av-inner-masonry main_color'><div class=\"av-masonry-outerimage-container\"><div class=\"av-masonry-image-container\" style=\"background-image: url(https:\/\/ogmprinting.com\/wp-content\/uploads\/2020\/12\/Missoni-Libretto-01-705x470.jpg);\" title=\"Missoni-Libretto-01\" ><\/div><\/div><figcaption class='av-inner-masonry-content site-background'><div class='av-inner-masonry-content-pos'><div class='av-inner-masonry-content-pos-content'><div class='avia-arrow'><\/div><h3 class='av-masonry-entry-title entry-title '  itemprop=\"headline\" >Missoni<\/h3><\/div><\/div><\/figcaption><\/figure><\/a><!--end av-masonry entry--><\/div><\/div><\/div><\/div><!--close column table wrapper. Autoclose: 1 -->\n\n<\/div><\/div><\/div><!-- close content main div --><\/div><\/div><div id='av_section_5'  class='avia-section main_color avia-section-default avia-no-border-styling  avia-bg-style-scroll  avia-builder-el-38  el_after_av_section  avia-builder-el-last   container_wrap fullsize' style=' '  ><div class='container' ><div class='template-page content  av-content-full alpha units'><div class='post-entry post-entry-type-page post-entry-3022'><div class='entry-content-wrapper clearfix'>\n<div class='flex_column_table av-equal-height-column-flextable -flextable' style='margin-top:0px; margin-bottom:0px; '><div class=\"flex_column av_two_third  flex_column_table_cell av-equal-height-column av-align-middle av-zero-column-padding first  avia-builder-el-39  el_before_av_one_third  avia-builder-el-first  \" style='border-radius:0px; '><section class=\"av_textblock_section \"  itemscope=\"itemscope\" itemtype=\"https:\/\/schema.org\/CreativeWork\" ><div class='avia_textblock  '   itemprop=\"text\" ><p><span class=\"tit-noseo-h1\">Contattaci per richiedere informazioni<\/span><\/p>\n<\/div><\/section><\/div><div class='av-flex-placeholder'><\/div><div class=\"flex_column av_one_third  flex_column_table_cell av-equal-height-column av-align-middle av-zero-column-padding   avia-builder-el-41  el_after_av_two_third  avia-builder-el-last  \" style='border-radius:0px; '><div  class='avia-button-wrap avia-button-center  avia-builder-el-42  avia-builder-el-no-sibling  pulsante-main' ><a href='https:\/\/ogmprinting.com\/it\/contatti\/'  class='avia-button  avia-color-dark   avia-icon_select-no avia-size-medium avia-position-center '   ><span class='avia_iconbox_title' >Contattaci<\/span><\/a><\/div><\/div><\/div><!--close column table wrapper. Autoclose: 1 -->\n\n","protected":false},"excerpt":{"rendered":"","protected":false},"author":1,"featured_media":0,"parent":3017,"menu_order":0,"comment_status":"closed","ping_status":"closed","template":"","meta":[],"_links":{"self":[{"href":"https:\/\/ogmprinting.com\/it\/wp-json\/wp\/v2\/pages\/3022"}],"collection":[{"href":"https:\/\/ogmprinting.com\/it\/wp-json\/wp\/v2\/pages"}],"about":[{"href":"https:\/\/ogmprinting.com\/it\/wp-json\/wp\/v2\/types\/page"}],"author":[{"embeddable":true,"href":"https:\/\/ogmprinting.com\/it\/wp-json\/wp\/v2\/users\/1"}],"replies":[{"embeddable":true,"href":"https:\/\/ogmprinting.com\/it\/wp-json\/wp\/v2\/comments?post=3022"}],"version-history":[{"count":11,"href":"https:\/\/ogmprinting.com\/it\/wp-json\/wp\/v2\/pages\/3022\/revisions"}],"predecessor-version":[{"id":3087,"href":"https:\/\/ogmprinting.com\/it\/wp-json\/wp\/v2\/pages\/3022\/revisions\/3087"}],"up":[{"embeddable":true,"href":"https:\/\/ogmprinting.com\/it\/wp-json\/wp\/v2\/pages\/3017"}],"wp:attachment":[{"href":"https:\/\/ogmprinting.com\/it\/wp-json\/wp\/v2\/media?parent=3022"}],"curies":[{"name":"wp","href":"https:\/\/api.w.org\/{rel}","templated":true}]}}